{"id":7,"date":"2008-02-15T13:49:37","date_gmt":"2008-02-15T12:49:37","guid":{"rendered":"http:\/\/www.lp-design.de\/blog\/?page_id=7"},"modified":"2008-05-21T11:45:33","modified_gmt":"2008-05-21T10:45:33","slug":"uber-mich","status":"publish","type":"page","link":"http:\/\/www.lp-design.de\/blog\/?page_id=7","title":{"rendered":"\u00dcber Mich"},"content":{"rendered":"<p style=\"text-align: center\"><span style=\"color: #181512; font-family: Helvetica; font-size: 15px; line-height: normal\" class=\"Apple-style-span\"><span style=\"color: #000000; font-family: Georgia; font-size: 16px; line-height: 20px\" class=\"Apple-style-span\"><img decoding=\"async\" src=\"http:\/\/www.lp-design.de\/blog\/wp-content\/uploads\/2008\/03\/lp-karikatur.jpg\" alt=\"Karikatur\" \/><\/span><\/span><\/p>\n<p style=\"text-align: center\">\u00a0<\/p>\n<p style=\"text-align: left\"><span style=\"color: #181512; font-family: Helvetica; font-size: 15px; line-height: normal\" class=\"Apple-style-span\">Der erste Schritt in Richtung auf das heutige Leistungsspektrum war eine Ausbildung zum Kartographen. Das Zeichnen von Schriften war mit das Hauptmerkmal dieser Zeit und legte den Grundstock f\u00fcr eine ausgefeilte Zeichentechnik und ein ausgepr\u00e4gtes Kurven- und Gestaltungsgef\u00fchl.<span style=\"color: #000000; font-family: Georgia; font-size: 16px; line-height: 20px\" class=\"Apple-style-span\">\u00a0<\/span><\/span><\/p>\n<p style=\"line-height: 21px; font: normal normal normal 15px\/normal Helvetica; color: #181512; margin: 0px\"><span style=\"letter-spacing: 0.5px\">Der Einstieg in die Grafik erfolgte mit dem f\u00fcnfj\u00e4hrigen Engagement bei der Peter Schmidt Group in Hamburg. Die Entwicklung vieler Logos und Designs in Zusammenarbeit mit Peter Schmidt bildete die Grundlage f\u00fcr den n\u00e4chsten Schritt in meiner Kariere.<\/span><\/p>\n<p style=\"line-height: 21px; font: normal normal normal 15px\/normal Helvetica; color: #181512; margin: 0px\">\u00a0<\/p>\n<p style=\"line-height: 21px; font: normal normal normal 15px\/normal Helvetica; color: #181512; margin: 0px\"><span style=\"letter-spacing: 0.5px\">1995 gr\u00fcndete ich &#8222;LP-DESIGN&#8220;. \u00dcber die Jahre baute sich ein Kundenstamm von Top-Design-Studios auf, die immer wieder gerne die angebotenen, speziellen F\u00e4higkeiten nutzen.<\/span><\/p>\n","protected":false},"excerpt":{"rendered":"<p>\u00a0 Der erste Schritt in Richtung auf das heutige Leistungsspektrum war eine Ausbildung zum Kartographen. Das Zeichnen von Schriften war mit das Hauptmerkmal dieser Zeit und legte den Grundstock f\u00fcr eine ausgefeilte Zeichentechnik und ein ausgepr\u00e4gtes Kurven- und Gestaltungsgef\u00fchl.\u00a0 Der Einstieg in die Grafik erfolgte mit dem f\u00fcnfj\u00e4hrigen Engagement bei der Peter Schmidt Group in [&hellip;]<\/p>\n","protected":false},"author":1,"featured_media":0,"parent":0,"menu_order":0,"comment_status":"open","ping_status":"open","template":"","meta":{"footnotes":""},"class_list":["post-7","page","type-page","status-publish","hentry"],"_links":{"self":[{"href":"http:\/\/www.lp-design.de\/blog\/index.php?rest_route=\/wp\/v2\/pages\/7"}],"collection":[{"href":"http:\/\/www.lp-design.de\/blog\/index.php?rest_route=\/wp\/v2\/pages"}],"about":[{"href":"http:\/\/www.lp-design.de\/blog\/index.php?rest_route=\/wp\/v2\/types\/page"}],"author":[{"embeddable":true,"href":"http:\/\/www.lp-design.de\/blog\/index.php?rest_route=\/wp\/v2\/users\/1"}],"replies":[{"embeddable":true,"href":"http:\/\/www.lp-design.de\/blog\/index.php?rest_route=%2Fwp%2Fv2%2Fcomments&post=7"}],"version-history":[{"count":0,"href":"http:\/\/www.lp-design.de\/blog\/index.php?rest_route=\/wp\/v2\/pages\/7\/revisions"}],"wp:attachment":[{"href":"http:\/\/www.lp-design.de\/blog\/index.php?rest_route=%2Fwp%2Fv2%2Fmedia&parent=7"}],"curies":[{"name":"wp","href":"https:\/\/api.w.org\/{rel}","templated":true}]}}